{"id":37645,"date":"2022-07-10T15:39:02","date_gmt":"2022-07-10T15:39:02","guid":{"rendered":"https:\/\/blogaventurejeanclaudeagnes.fr\/carte-parcours-2022\/"},"modified":"2023-04-14T09:35:29","modified_gmt":"2023-04-14T09:35:29","slug":"carte-parcours-2022","status":"publish","type":"page","link":"https:\/\/blogaventurejeanclaudeagnes.fr\/es\/carte-parcours-2022\/","title":{"rendered":"Mapa itinerario 2022"},"content":{"rendered":"\n<h1 class=\"wp-block-heading has-text-align-center\">Mapa itinerario 2022<\/h1>\n\n<iframe width=\"100%\" height=\"300px\" frameborder=\"0\" allowfullscreen=\"\" src=\"https:\/\/framacarte.org\/fr\/map\/voyage-2022_127018?scaleControl=false&#038;miniMap=false&#038;scrollWheelZoom=false&#038;zoomControl=true&#038;allowEdit=false&#038;moreControl=true&#038;searchControl=null&#038;tilelayersControl=null&#038;embedControl=null&#038;datalayersControl=true&#038;onLoadPanel=undefined&#038;captionBar=false\"><\/iframe><p><a href=\"https:\/\/framacarte.org\/fr\/map\/voyage-2022_127018\">Ver en pantalla completa<\/a><\/p>\n","protected":false},"excerpt":{"rendered":"<p>Mapa itinerario 2022 Ver en pantalla completa<\/p>\n","protected":false},"author":1,"featured_media":36706,"parent":0,"menu_order":0,"comment_status":"closed","ping_status":"closed","template":"","meta":{"ngg_post_thumbnail":0,"footnotes":""},"class_list":["post-37645","page","type-page","status-publish","has-post-thumbnail","hentry"],"yoast_head":"<!-- This site is optimized with the Yoast SEO plugin v27.3 - https:\/\/yoast.com\/product\/yoast-seo-wordpress\/ -->\n<title>Mapa itinerario 2022 - Blog Aventure Jean-Claude &amp; Agn\u00e8s<\/title>\n<meta name=\"description\" content=\"Mapa itinerario 2022 Ver en pantalla completa\" \/>\n<meta name=\"robots\" content=\"index, follow, max-snippet:-1, max-image-preview:large, max-video-preview:-1\" \/>\n<link rel=\"canonical\" href=\"https:\/\/blogaventurejeanclaudeagnes.fr\/es\/carte-parcours-2022\/\" \/>\n<meta property=\"og:locale\" content=\"es_ES\" \/>\n<meta property=\"og:type\" content=\"article\" \/>\n<meta property=\"og:title\" content=\"Mapa itinerario 2022 - Blog Aventure Jean-Claude &amp; Agn\u00e8s\" \/>\n<meta property=\"og:description\" content=\"Mapa itinerario 2022 Ver en pantalla completa\" \/>\n<meta property=\"og:url\" content=\"https:\/\/blogaventurejeanclaudeagnes.fr\/es\/carte-parcours-2022\/\" \/>\n<meta property=\"og:site_name\" content=\"Blog Aventure Jean-Claude &amp; Agn\u00e8s\" \/>\n<meta property=\"article:publisher\" content=\"https:\/\/facebook.com\/jeanclaude.cherruault\" \/>\n<meta property=\"article:modified_time\" content=\"2023-04-14T09:35:29+00:00\" \/>\n<meta property=\"og:image\" content=\"https:\/\/blogaventurejeanclaudeagnes.fr\/wp-content\/uploads\/2022\/09\/La-tour-Azadi-a-Teheran.jpeg\" \/>\n\t<meta property=\"og:image:width\" content=\"1024\" \/>\n\t<meta property=\"og:image:height\" content=\"769\" \/>\n\t<meta property=\"og:image:type\" content=\"image\/jpeg\" \/>\n<meta name=\"twitter:card\" content=\"summary_large_image\" \/>\n<meta name=\"twitter:site\" content=\"@cherruault57\" \/>\n<meta name=\"twitter:label1\" content=\"Tiempo de lectura\" \/>\n\t<meta name=\"twitter:data1\" content=\"1 minuto\" \/>\n<script type=\"application\/ld+json\" class=\"yoast-schema-graph\">{\"@context\":\"https:\\\/\\\/schema.org\",\"@graph\":[{\"@type\":\"WebPage\",\"@id\":\"https:\\\/\\\/blogaventurejeanclaudeagnes.fr\\\/es\\\/carte-parcours-2022\\\/\",\"url\":\"https:\\\/\\\/blogaventurejeanclaudeagnes.fr\\\/es\\\/carte-parcours-2022\\\/\",\"name\":\"Mapa itinerario 2022 - Blog Aventure Jean-Claude &amp; Agn\u00e8s\",\"isPartOf\":{\"@id\":\"https:\\\/\\\/blogaventurejeanclaudeagnes.fr\\\/es\\\/#website\"},\"primaryImageOfPage\":{\"@id\":\"https:\\\/\\\/blogaventurejeanclaudeagnes.fr\\\/es\\\/carte-parcours-2022\\\/#primaryimage\"},\"image\":{\"@id\":\"https:\\\/\\\/blogaventurejeanclaudeagnes.fr\\\/es\\\/carte-parcours-2022\\\/#primaryimage\"},\"thumbnailUrl\":\"https:\\\/\\\/blogaventurejeanclaudeagnes.fr\\\/wp-content\\\/uploads\\\/2022\\\/09\\\/La-tour-Azadi-a-Teheran.jpeg\",\"datePublished\":\"2022-07-10T15:39:02+00:00\",\"dateModified\":\"2023-04-14T09:35:29+00:00\",\"description\":\"Mapa itinerario 2022 Ver en pantalla completa\",\"breadcrumb\":{\"@id\":\"https:\\\/\\\/blogaventurejeanclaudeagnes.fr\\\/es\\\/carte-parcours-2022\\\/#breadcrumb\"},\"inLanguage\":\"es\",\"potentialAction\":[{\"@type\":\"ReadAction\",\"target\":[\"https:\\\/\\\/blogaventurejeanclaudeagnes.fr\\\/es\\\/carte-parcours-2022\\\/\"]}]},{\"@type\":\"ImageObject\",\"inLanguage\":\"es\",\"@id\":\"https:\\\/\\\/blogaventurejeanclaudeagnes.fr\\\/es\\\/carte-parcours-2022\\\/#primaryimage\",\"url\":\"https:\\\/\\\/blogaventurejeanclaudeagnes.fr\\\/wp-content\\\/uploads\\\/2022\\\/09\\\/La-tour-Azadi-a-Teheran.jpeg\",\"contentUrl\":\"https:\\\/\\\/blogaventurejeanclaudeagnes.fr\\\/wp-content\\\/uploads\\\/2022\\\/09\\\/La-tour-Azadi-a-Teheran.jpeg\",\"width\":1024,\"height\":769,\"caption\":\"La tour Azadi \u00e0 T\u00e9h\u00e9ran\"},{\"@type\":\"BreadcrumbList\",\"@id\":\"https:\\\/\\\/blogaventurejeanclaudeagnes.fr\\\/es\\\/carte-parcours-2022\\\/#breadcrumb\",\"itemListElement\":[{\"@type\":\"ListItem\",\"position\":1,\"name\":\"Accueil\",\"item\":\"https:\\\/\\\/blogaventurejeanclaudeagnes.fr\\\/es\\\/\"},{\"@type\":\"ListItem\",\"position\":2,\"name\":\"Mapa itinerario 2022\"}]},{\"@type\":\"WebSite\",\"@id\":\"https:\\\/\\\/blogaventurejeanclaudeagnes.fr\\\/es\\\/#website\",\"url\":\"https:\\\/\\\/blogaventurejeanclaudeagnes.fr\\\/es\\\/\",\"name\":\"Blog Aventure Jean-Claude & Agn\u00e8s\",\"description\":\"Nos voyages autour du monde en v\u00e9lo\",\"publisher\":{\"@id\":\"https:\\\/\\\/blogaventurejeanclaudeagnes.fr\\\/es\\\/#organization\"},\"alternateName\":\"Tour du monde \u00e0 v\u00e9lo\",\"potentialAction\":[{\"@type\":\"SearchAction\",\"target\":{\"@type\":\"EntryPoint\",\"urlTemplate\":\"https:\\\/\\\/blogaventurejeanclaudeagnes.fr\\\/es\\\/?s={search_term_string}\"},\"query-input\":{\"@type\":\"PropertyValueSpecification\",\"valueRequired\":true,\"valueName\":\"search_term_string\"}}],\"inLanguage\":\"es\"},{\"@type\":\"Organization\",\"@id\":\"https:\\\/\\\/blogaventurejeanclaudeagnes.fr\\\/es\\\/#organization\",\"name\":\"Blog Aventure Jean-Claude & Agn\u00e8s\",\"alternateName\":\"Blog Jean Claude Cherruault\",\"url\":\"https:\\\/\\\/blogaventurejeanclaudeagnes.fr\\\/es\\\/\",\"logo\":{\"@type\":\"ImageObject\",\"inLanguage\":\"es\",\"@id\":\"https:\\\/\\\/blogaventurejeanclaudeagnes.fr\\\/es\\\/#\\\/schema\\\/logo\\\/image\\\/\",\"url\":\"https:\\\/\\\/blogaventurejeanclaudeagnes.fr\\\/wp-content\\\/uploads\\\/2023\\\/12\\\/logo-blog-aventure-2-1.png\",\"contentUrl\":\"https:\\\/\\\/blogaventurejeanclaudeagnes.fr\\\/wp-content\\\/uploads\\\/2023\\\/12\\\/logo-blog-aventure-2-1.png\",\"width\":500,\"height\":166,\"caption\":\"Blog Aventure Jean-Claude & Agn\u00e8s\"},\"image\":{\"@id\":\"https:\\\/\\\/blogaventurejeanclaudeagnes.fr\\\/es\\\/#\\\/schema\\\/logo\\\/image\\\/\"},\"sameAs\":[\"https:\\\/\\\/facebook.com\\\/jeanclaude.cherruault\",\"https:\\\/\\\/x.com\\\/cherruault57\",\"https:\\\/\\\/www.youtube.com\\\/@aventuresavelodanslemonde7343\",\"https:\\\/\\\/www.instagram.com\\\/jeanclaudecherruault\"]}]}<\/script>\n<!-- \/ Yoast SEO plugin. -->","yoast_head_json":{"title":"Mapa itinerario 2022 - Blog Aventure Jean-Claude &amp; Agn\u00e8s","description":"Mapa itinerario 2022 Ver en pantalla completa","robots":{"index":"index","follow":"follow","max-snippet":"max-snippet:-1","max-image-preview":"max-image-preview:large","max-video-preview":"max-video-preview:-1"},"canonical":"https:\/\/blogaventurejeanclaudeagnes.fr\/es\/carte-parcours-2022\/","og_locale":"es_ES","og_type":"article","og_title":"Mapa itinerario 2022 - Blog Aventure Jean-Claude &amp; Agn\u00e8s","og_description":"Mapa itinerario 2022 Ver en pantalla completa","og_url":"https:\/\/blogaventurejeanclaudeagnes.fr\/es\/carte-parcours-2022\/","og_site_name":"Blog Aventure Jean-Claude &amp; Agn\u00e8s","article_publisher":"https:\/\/facebook.com\/jeanclaude.cherruault","article_modified_time":"2023-04-14T09:35:29+00:00","og_image":[{"width":1024,"height":769,"url":"https:\/\/blogaventurejeanclaudeagnes.fr\/wp-content\/uploads\/2022\/09\/La-tour-Azadi-a-Teheran.jpeg","type":"image\/jpeg"}],"twitter_card":"summary_large_image","twitter_site":"@cherruault57","twitter_misc":{"Tiempo de lectura":"1 minuto"},"schema":{"@context":"https:\/\/schema.org","@graph":[{"@type":"WebPage","@id":"https:\/\/blogaventurejeanclaudeagnes.fr\/es\/carte-parcours-2022\/","url":"https:\/\/blogaventurejeanclaudeagnes.fr\/es\/carte-parcours-2022\/","name":"Mapa itinerario 2022 - Blog Aventure Jean-Claude &amp; Agn\u00e8s","isPartOf":{"@id":"https:\/\/blogaventurejeanclaudeagnes.fr\/es\/#website"},"primaryImageOfPage":{"@id":"https:\/\/blogaventurejeanclaudeagnes.fr\/es\/carte-parcours-2022\/#primaryimage"},"image":{"@id":"https:\/\/blogaventurejeanclaudeagnes.fr\/es\/carte-parcours-2022\/#primaryimage"},"thumbnailUrl":"https:\/\/blogaventurejeanclaudeagnes.fr\/wp-content\/uploads\/2022\/09\/La-tour-Azadi-a-Teheran.jpeg","datePublished":"2022-07-10T15:39:02+00:00","dateModified":"2023-04-14T09:35:29+00:00","description":"Mapa itinerario 2022 Ver en pantalla completa","breadcrumb":{"@id":"https:\/\/blogaventurejeanclaudeagnes.fr\/es\/carte-parcours-2022\/#breadcrumb"},"inLanguage":"es","potentialAction":[{"@type":"ReadAction","target":["https:\/\/blogaventurejeanclaudeagnes.fr\/es\/carte-parcours-2022\/"]}]},{"@type":"ImageObject","inLanguage":"es","@id":"https:\/\/blogaventurejeanclaudeagnes.fr\/es\/carte-parcours-2022\/#primaryimage","url":"https:\/\/blogaventurejeanclaudeagnes.fr\/wp-content\/uploads\/2022\/09\/La-tour-Azadi-a-Teheran.jpeg","contentUrl":"https:\/\/blogaventurejeanclaudeagnes.fr\/wp-content\/uploads\/2022\/09\/La-tour-Azadi-a-Teheran.jpeg","width":1024,"height":769,"caption":"La tour Azadi \u00e0 T\u00e9h\u00e9ran"},{"@type":"BreadcrumbList","@id":"https:\/\/blogaventurejeanclaudeagnes.fr\/es\/carte-parcours-2022\/#breadcrumb","itemListElement":[{"@type":"ListItem","position":1,"name":"Accueil","item":"https:\/\/blogaventurejeanclaudeagnes.fr\/es\/"},{"@type":"ListItem","position":2,"name":"Mapa itinerario 2022"}]},{"@type":"WebSite","@id":"https:\/\/blogaventurejeanclaudeagnes.fr\/es\/#website","url":"https:\/\/blogaventurejeanclaudeagnes.fr\/es\/","name":"Blog Aventure Jean-Claude & Agn\u00e8s","description":"Nos voyages autour du monde en v\u00e9lo","publisher":{"@id":"https:\/\/blogaventurejeanclaudeagnes.fr\/es\/#organization"},"alternateName":"Tour du monde \u00e0 v\u00e9lo","potentialAction":[{"@type":"SearchAction","target":{"@type":"EntryPoint","urlTemplate":"https:\/\/blogaventurejeanclaudeagnes.fr\/es\/?s={search_term_string}"},"query-input":{"@type":"PropertyValueSpecification","valueRequired":true,"valueName":"search_term_string"}}],"inLanguage":"es"},{"@type":"Organization","@id":"https:\/\/blogaventurejeanclaudeagnes.fr\/es\/#organization","name":"Blog Aventure Jean-Claude & Agn\u00e8s","alternateName":"Blog Jean Claude Cherruault","url":"https:\/\/blogaventurejeanclaudeagnes.fr\/es\/","logo":{"@type":"ImageObject","inLanguage":"es","@id":"https:\/\/blogaventurejeanclaudeagnes.fr\/es\/#\/schema\/logo\/image\/","url":"https:\/\/blogaventurejeanclaudeagnes.fr\/wp-content\/uploads\/2023\/12\/logo-blog-aventure-2-1.png","contentUrl":"https:\/\/blogaventurejeanclaudeagnes.fr\/wp-content\/uploads\/2023\/12\/logo-blog-aventure-2-1.png","width":500,"height":166,"caption":"Blog Aventure Jean-Claude & Agn\u00e8s"},"image":{"@id":"https:\/\/blogaventurejeanclaudeagnes.fr\/es\/#\/schema\/logo\/image\/"},"sameAs":["https:\/\/facebook.com\/jeanclaude.cherruault","https:\/\/x.com\/cherruault57","https:\/\/www.youtube.com\/@aventuresavelodanslemonde7343","https:\/\/www.instagram.com\/jeanclaudecherruault"]}]}},"_links":{"self":[{"href":"https:\/\/blogaventurejeanclaudeagnes.fr\/es\/wp-json\/wp\/v2\/pages\/37645","targetHints":{"allow":["GET"]}}],"collection":[{"href":"https:\/\/blogaventurejeanclaudeagnes.fr\/es\/wp-json\/wp\/v2\/pages"}],"about":[{"href":"https:\/\/blogaventurejeanclaudeagnes.fr\/es\/wp-json\/wp\/v2\/types\/page"}],"author":[{"embeddable":true,"href":"https:\/\/blogaventurejeanclaudeagnes.fr\/es\/wp-json\/wp\/v2\/users\/1"}],"replies":[{"embeddable":true,"href":"https:\/\/blogaventurejeanclaudeagnes.fr\/es\/wp-json\/wp\/v2\/comments?post=37645"}],"version-history":[{"count":0,"href":"https:\/\/blogaventurejeanclaudeagnes.fr\/es\/wp-json\/wp\/v2\/pages\/37645\/revisions"}],"wp:featuredmedia":[{"embeddable":true,"href":"https:\/\/blogaventurejeanclaudeagnes.fr\/es\/wp-json\/wp\/v2\/media\/36706"}],"wp:attachment":[{"href":"https:\/\/blogaventurejeanclaudeagnes.fr\/es\/wp-json\/wp\/v2\/media?parent=37645"}],"curies":[{"name":"wp","href":"https:\/\/api.w.org\/{rel}","templated":true}]}}