{"id":37622,"date":"2019-01-19T19:54:17","date_gmt":"2019-01-19T18:54:17","guid":{"rendered":"https:\/\/blogaventurejeanclaudeagnes.fr\/qui-sommes-nous\/"},"modified":"2025-07-01T12:55:17","modified_gmt":"2025-07-01T10:55:17","slug":"qui-sommes-nous","status":"publish","type":"page","link":"https:\/\/blogaventurejeanclaudeagnes.fr\/es\/qui-sommes-nous\/","title":{"rendered":"Quien somos ?"},"content":{"rendered":"\n<h1 class=\"wp-block-heading alignfull has-text-align-center\">Quienes somos &#8211; Nuestros viajes<\/h1>\n\n<p>&#8211; Somos una pajera ahora jubiladaf Agn\u00e8s 68 a\u00f1os y Jean-Claude 67 a\u00f1os.  <br\/>Agn\u00e8s practicab poco la bicicleta antes la jubilation, Jean-Claude el montain bike y la bicicleta de ruta desde siempre. <br\/>En 2016 completamos nuestro primer proyecto ciclista en Francia, que nos llev\u00f3 3.000 km desde Nantes a Burdeos, Marsella, Ard\u00e8che y de regreso a lo largo de las orillas del Loira.  <br\/>Despues de esta experiencia naci\u00f2 el proyecto de viajar en Centro de Am\u00e9rca et del Sur. Salimos de Francia en 2017 y vivimos seis meses en Guatemala a San Pedro de la laguna cerca de un grande lago. Luego en Enero de 2018 salimos en bicicleta de <strong>Guatemala<\/strong> et hemos viajendo hasta Cochrane en Chile. Hicimos 20000 km. El viaje fue interrumpido por el Covid en marzo de 2020.<br\/> &#8211; En <strong>2021<\/strong> recorrimos Francia siguiendo sus fronteras, aproximadamente 6.500 km.<\/p>\n\n<p>&#8211; En <strong>2022<\/strong> hicimos un viaje por Europa desde St Etienne-de-Montluc en Francia hasta Teher\u00e1n en Ir\u00e1n. Un viaje de 11000km<\/p>\n\n<p>En 2023 recorrimos poco m\u00e1s de 11.000 kil\u00f3metros en Sudam\u00e9rica. Desde Puerto Monte en Chile hasta R\u00edo de Janeiro en Brasil.<\/p>\n\n<p class=\"has-electric-grass-gradient-background has-background has-medium-font-size\"><a href=\"https:\/\/blogaventurejeanclaudeagnes.fr\/es\/nos-previsions-de-voyage-en-2023\/\"><strong>Despu\u00e9s de 8 a\u00f1os de viaje, intercalados con regreso. Hemos recorrido casi 48.000 km en 25 pa\u00edses.<\/strong><\/a><\/p>\n\n<p><\/p>\n\n<iframe width=\"100%\" height=\"300px\" frameborder=\"0\" allowfullscreen=\"\" allow=\"geolocation\" src=\"\/\/framacarte.org\/fr\/map\/recapitulatif-ensemble-des-voyages-a-velo_174390?scaleControl=false&amp;miniMap=false&amp;scrollWheelZoom=false&amp;zoomControl=true&amp;editMode=disabled&amp;moreControl=true&amp;searchControl=null&amp;tilelayersControl=null&amp;embedControl=null&amp;datalayersControl=true&amp;onLoadPanel=none&amp;captionBar=false&amp;captionMenus=true\"><\/iframe><p><a href=\"\/\/framacarte.org\/fr\/map\/recapitulatif-ensemble-des-voyages-a-velo_174390?scaleControl=false&amp;miniMap=false&amp;scrollWheelZoom=true&amp;zoomControl=true&amp;editMode=disabled&amp;moreControl=true&amp;searchControl=null&amp;tilelayersControl=null&amp;embedControl=null&amp;datalayersControl=true&amp;onLoadPanel=none&amp;captionBar=false&amp;captionMenus=true\">Ver en pantalla completa<\/a><\/p>\n\n<figure class=\"wp-block-gallery has-nested-images columns-default is-cropped wp-block-gallery-1 is-layout-flex wp-block-gallery-is-layout-flex\">\n<figure class=\"wp-block-image size-large\"><a href=\"https:\/\/blogaventurejeanclaudeagnes.fr\/wp-content\/uploads\/2018\/10\/Premier-jour.jpg\"><img decoding=\"async\" data-id=\"6169\" src=\"https:\/\/blogaventurejeanclaudeagnes.fr\/wp-content\/uploads\/2018\/10\/Premier-jour.jpg\" alt=\"\" class=\"wp-image-6169\"\/><\/a><\/figure>\n<\/figure>\n","protected":false},"excerpt":{"rendered":"<p>Quienes somos &#8211; Nuestros viajes &#8211; Somos una pajera ahora jubiladaf Agn\u00e8s 68 a\u00f1os y Jean-Claude 67 a\u00f1os. Agn\u00e8s practicab poco la bicicleta antes la jubilation, Jean-Claude el montain bike y la bicicleta de ruta desde siempre. En 2016 completamos nuestro primer proyecto ciclista en Francia, que nos llev\u00f3 3.000 km desde Nantes a Burdeos,&hellip;<\/p>\n","protected":false},"author":1,"featured_media":37612,"parent":0,"menu_order":0,"comment_status":"closed","ping_status":"closed","template":"","meta":{"ngg_post_thumbnail":0,"footnotes":""},"class_list":["post-37622","page","type-page","status-publish","has-post-thumbnail","hentry"],"yoast_head":"<!-- This site is optimized with the Yoast SEO plugin v27.3 - https:\/\/yoast.com\/product\/yoast-seo-wordpress\/ -->\n<title>Quien somos ? - Blog Aventure Jean-Claude &amp; Agn\u00e8s<\/title>\n<meta name=\"description\" content=\"Quienes somos - Nuestros viajes - Somos una pajera ahora jubiladaf Agn\u00e8s 68 a\u00f1os y Jean-Claude 67 a\u00f1os. Agn\u00e8s practicab poco la bicicleta antes la\" \/>\n<meta name=\"robots\" content=\"index, follow, max-snippet:-1, max-image-preview:large, max-video-preview:-1\" \/>\n<link rel=\"canonical\" href=\"https:\/\/blogaventurejeanclaudeagnes.fr\/es\/qui-sommes-nous\/\" \/>\n<meta property=\"og:locale\" content=\"es_ES\" \/>\n<meta property=\"og:type\" content=\"article\" \/>\n<meta property=\"og:title\" content=\"Quien somos ? - Blog Aventure Jean-Claude &amp; Agn\u00e8s\" \/>\n<meta property=\"og:description\" content=\"Quienes somos - Nuestros viajes - Somos una pajera ahora jubiladaf Agn\u00e8s 68 a\u00f1os y Jean-Claude 67 a\u00f1os. Agn\u00e8s practicab poco la bicicleta antes la\" \/>\n<meta property=\"og:url\" content=\"https:\/\/blogaventurejeanclaudeagnes.fr\/es\/qui-sommes-nous\/\" \/>\n<meta property=\"og:site_name\" content=\"Blog Aventure Jean-Claude &amp; Agn\u00e8s\" \/>\n<meta property=\"article:publisher\" content=\"https:\/\/facebook.com\/jeanclaude.cherruault\" \/>\n<meta property=\"article:modified_time\" content=\"2025-07-01T10:55:17+00:00\" \/>\n<meta property=\"og:image\" content=\"https:\/\/blogaventurejeanclaudeagnes.fr\/wp-content\/uploads\/2023\/04\/IMG_1546-scaled.jpeg\" \/>\n\t<meta property=\"og:image:width\" content=\"2560\" \/>\n\t<meta property=\"og:image:height\" content=\"1920\" \/>\n\t<meta property=\"og:image:type\" content=\"image\/jpeg\" \/>\n<meta name=\"twitter:card\" content=\"summary_large_image\" \/>\n<meta name=\"twitter:site\" content=\"@cherruault57\" \/>\n<meta name=\"twitter:label1\" content=\"Tiempo de lectura\" \/>\n\t<meta name=\"twitter:data1\" content=\"2 minutos\" \/>\n<script type=\"application\/ld+json\" class=\"yoast-schema-graph\">{\"@context\":\"https:\\\/\\\/schema.org\",\"@graph\":[{\"@type\":\"WebPage\",\"@id\":\"https:\\\/\\\/blogaventurejeanclaudeagnes.fr\\\/es\\\/qui-sommes-nous\\\/\",\"url\":\"https:\\\/\\\/blogaventurejeanclaudeagnes.fr\\\/es\\\/qui-sommes-nous\\\/\",\"name\":\"Quien somos ? - Blog Aventure Jean-Claude &amp; Agn\u00e8s\",\"isPartOf\":{\"@id\":\"https:\\\/\\\/blogaventurejeanclaudeagnes.fr\\\/es\\\/#website\"},\"primaryImageOfPage\":{\"@id\":\"https:\\\/\\\/blogaventurejeanclaudeagnes.fr\\\/es\\\/qui-sommes-nous\\\/#primaryimage\"},\"image\":{\"@id\":\"https:\\\/\\\/blogaventurejeanclaudeagnes.fr\\\/es\\\/qui-sommes-nous\\\/#primaryimage\"},\"thumbnailUrl\":\"https:\\\/\\\/blogaventurejeanclaudeagnes.fr\\\/wp-content\\\/uploads\\\/2023\\\/04\\\/IMG_1546-scaled.jpeg\",\"datePublished\":\"2019-01-19T18:54:17+00:00\",\"dateModified\":\"2025-07-01T10:55:17+00:00\",\"description\":\"Quienes somos - Nuestros viajes - Somos una pajera ahora jubiladaf Agn\u00e8s 68 a\u00f1os y Jean-Claude 67 a\u00f1os. Agn\u00e8s practicab poco la bicicleta antes la\",\"breadcrumb\":{\"@id\":\"https:\\\/\\\/blogaventurejeanclaudeagnes.fr\\\/es\\\/qui-sommes-nous\\\/#breadcrumb\"},\"inLanguage\":\"es\",\"potentialAction\":[{\"@type\":\"ReadAction\",\"target\":[\"https:\\\/\\\/blogaventurejeanclaudeagnes.fr\\\/es\\\/qui-sommes-nous\\\/\"]}]},{\"@type\":\"ImageObject\",\"inLanguage\":\"es\",\"@id\":\"https:\\\/\\\/blogaventurejeanclaudeagnes.fr\\\/es\\\/qui-sommes-nous\\\/#primaryimage\",\"url\":\"https:\\\/\\\/blogaventurejeanclaudeagnes.fr\\\/wp-content\\\/uploads\\\/2023\\\/04\\\/IMG_1546-scaled.jpeg\",\"contentUrl\":\"https:\\\/\\\/blogaventurejeanclaudeagnes.fr\\\/wp-content\\\/uploads\\\/2023\\\/04\\\/IMG_1546-scaled.jpeg\",\"width\":2560,\"height\":1920,\"caption\":\"photo voyage\"},{\"@type\":\"BreadcrumbList\",\"@id\":\"https:\\\/\\\/blogaventurejeanclaudeagnes.fr\\\/es\\\/qui-sommes-nous\\\/#breadcrumb\",\"itemListElement\":[{\"@type\":\"ListItem\",\"position\":1,\"name\":\"Accueil\",\"item\":\"https:\\\/\\\/blogaventurejeanclaudeagnes.fr\\\/es\\\/\"},{\"@type\":\"ListItem\",\"position\":2,\"name\":\"Quien somos ?\"}]},{\"@type\":\"WebSite\",\"@id\":\"https:\\\/\\\/blogaventurejeanclaudeagnes.fr\\\/es\\\/#website\",\"url\":\"https:\\\/\\\/blogaventurejeanclaudeagnes.fr\\\/es\\\/\",\"name\":\"Blog Aventure Jean-Claude & Agn\u00e8s\",\"description\":\"Nos voyages autour du monde en v\u00e9lo\",\"publisher\":{\"@id\":\"https:\\\/\\\/blogaventurejeanclaudeagnes.fr\\\/es\\\/#organization\"},\"alternateName\":\"Tour du monde \u00e0 v\u00e9lo\",\"potentialAction\":[{\"@type\":\"SearchAction\",\"target\":{\"@type\":\"EntryPoint\",\"urlTemplate\":\"https:\\\/\\\/blogaventurejeanclaudeagnes.fr\\\/es\\\/?s={search_term_string}\"},\"query-input\":{\"@type\":\"PropertyValueSpecification\",\"valueRequired\":true,\"valueName\":\"search_term_string\"}}],\"inLanguage\":\"es\"},{\"@type\":\"Organization\",\"@id\":\"https:\\\/\\\/blogaventurejeanclaudeagnes.fr\\\/es\\\/#organization\",\"name\":\"Blog Aventure Jean-Claude & Agn\u00e8s\",\"alternateName\":\"Blog Jean Claude Cherruault\",\"url\":\"https:\\\/\\\/blogaventurejeanclaudeagnes.fr\\\/es\\\/\",\"logo\":{\"@type\":\"ImageObject\",\"inLanguage\":\"es\",\"@id\":\"https:\\\/\\\/blogaventurejeanclaudeagnes.fr\\\/es\\\/#\\\/schema\\\/logo\\\/image\\\/\",\"url\":\"https:\\\/\\\/blogaventurejeanclaudeagnes.fr\\\/wp-content\\\/uploads\\\/2023\\\/12\\\/logo-blog-aventure-2-1.png\",\"contentUrl\":\"https:\\\/\\\/blogaventurejeanclaudeagnes.fr\\\/wp-content\\\/uploads\\\/2023\\\/12\\\/logo-blog-aventure-2-1.png\",\"width\":500,\"height\":166,\"caption\":\"Blog Aventure Jean-Claude & Agn\u00e8s\"},\"image\":{\"@id\":\"https:\\\/\\\/blogaventurejeanclaudeagnes.fr\\\/es\\\/#\\\/schema\\\/logo\\\/image\\\/\"},\"sameAs\":[\"https:\\\/\\\/facebook.com\\\/jeanclaude.cherruault\",\"https:\\\/\\\/x.com\\\/cherruault57\",\"https:\\\/\\\/www.youtube.com\\\/@aventuresavelodanslemonde7343\",\"https:\\\/\\\/www.instagram.com\\\/jeanclaudecherruault\"]}]}<\/script>\n<!-- \/ Yoast SEO plugin. -->","yoast_head_json":{"title":"Quien somos ? - Blog Aventure Jean-Claude &amp; Agn\u00e8s","description":"Quienes somos - Nuestros viajes - Somos una pajera ahora jubiladaf Agn\u00e8s 68 a\u00f1os y Jean-Claude 67 a\u00f1os. Agn\u00e8s practicab poco la bicicleta antes la","robots":{"index":"index","follow":"follow","max-snippet":"max-snippet:-1","max-image-preview":"max-image-preview:large","max-video-preview":"max-video-preview:-1"},"canonical":"https:\/\/blogaventurejeanclaudeagnes.fr\/es\/qui-sommes-nous\/","og_locale":"es_ES","og_type":"article","og_title":"Quien somos ? - Blog Aventure Jean-Claude &amp; Agn\u00e8s","og_description":"Quienes somos - Nuestros viajes - Somos una pajera ahora jubiladaf Agn\u00e8s 68 a\u00f1os y Jean-Claude 67 a\u00f1os. Agn\u00e8s practicab poco la bicicleta antes la","og_url":"https:\/\/blogaventurejeanclaudeagnes.fr\/es\/qui-sommes-nous\/","og_site_name":"Blog Aventure Jean-Claude &amp; Agn\u00e8s","article_publisher":"https:\/\/facebook.com\/jeanclaude.cherruault","article_modified_time":"2025-07-01T10:55:17+00:00","og_image":[{"width":2560,"height":1920,"url":"https:\/\/blogaventurejeanclaudeagnes.fr\/wp-content\/uploads\/2023\/04\/IMG_1546-scaled.jpeg","type":"image\/jpeg"}],"twitter_card":"summary_large_image","twitter_site":"@cherruault57","twitter_misc":{"Tiempo de lectura":"2 minutos"},"schema":{"@context":"https:\/\/schema.org","@graph":[{"@type":"WebPage","@id":"https:\/\/blogaventurejeanclaudeagnes.fr\/es\/qui-sommes-nous\/","url":"https:\/\/blogaventurejeanclaudeagnes.fr\/es\/qui-sommes-nous\/","name":"Quien somos ? - Blog Aventure Jean-Claude &amp; Agn\u00e8s","isPartOf":{"@id":"https:\/\/blogaventurejeanclaudeagnes.fr\/es\/#website"},"primaryImageOfPage":{"@id":"https:\/\/blogaventurejeanclaudeagnes.fr\/es\/qui-sommes-nous\/#primaryimage"},"image":{"@id":"https:\/\/blogaventurejeanclaudeagnes.fr\/es\/qui-sommes-nous\/#primaryimage"},"thumbnailUrl":"https:\/\/blogaventurejeanclaudeagnes.fr\/wp-content\/uploads\/2023\/04\/IMG_1546-scaled.jpeg","datePublished":"2019-01-19T18:54:17+00:00","dateModified":"2025-07-01T10:55:17+00:00","description":"Quienes somos - Nuestros viajes - Somos una pajera ahora jubiladaf Agn\u00e8s 68 a\u00f1os y Jean-Claude 67 a\u00f1os. Agn\u00e8s practicab poco la bicicleta antes la","breadcrumb":{"@id":"https:\/\/blogaventurejeanclaudeagnes.fr\/es\/qui-sommes-nous\/#breadcrumb"},"inLanguage":"es","potentialAction":[{"@type":"ReadAction","target":["https:\/\/blogaventurejeanclaudeagnes.fr\/es\/qui-sommes-nous\/"]}]},{"@type":"ImageObject","inLanguage":"es","@id":"https:\/\/blogaventurejeanclaudeagnes.fr\/es\/qui-sommes-nous\/#primaryimage","url":"https:\/\/blogaventurejeanclaudeagnes.fr\/wp-content\/uploads\/2023\/04\/IMG_1546-scaled.jpeg","contentUrl":"https:\/\/blogaventurejeanclaudeagnes.fr\/wp-content\/uploads\/2023\/04\/IMG_1546-scaled.jpeg","width":2560,"height":1920,"caption":"photo voyage"},{"@type":"BreadcrumbList","@id":"https:\/\/blogaventurejeanclaudeagnes.fr\/es\/qui-sommes-nous\/#breadcrumb","itemListElement":[{"@type":"ListItem","position":1,"name":"Accueil","item":"https:\/\/blogaventurejeanclaudeagnes.fr\/es\/"},{"@type":"ListItem","position":2,"name":"Quien somos ?"}]},{"@type":"WebSite","@id":"https:\/\/blogaventurejeanclaudeagnes.fr\/es\/#website","url":"https:\/\/blogaventurejeanclaudeagnes.fr\/es\/","name":"Blog Aventure Jean-Claude & Agn\u00e8s","description":"Nos voyages autour du monde en v\u00e9lo","publisher":{"@id":"https:\/\/blogaventurejeanclaudeagnes.fr\/es\/#organization"},"alternateName":"Tour du monde \u00e0 v\u00e9lo","potentialAction":[{"@type":"SearchAction","target":{"@type":"EntryPoint","urlTemplate":"https:\/\/blogaventurejeanclaudeagnes.fr\/es\/?s={search_term_string}"},"query-input":{"@type":"PropertyValueSpecification","valueRequired":true,"valueName":"search_term_string"}}],"inLanguage":"es"},{"@type":"Organization","@id":"https:\/\/blogaventurejeanclaudeagnes.fr\/es\/#organization","name":"Blog Aventure Jean-Claude & Agn\u00e8s","alternateName":"Blog Jean Claude Cherruault","url":"https:\/\/blogaventurejeanclaudeagnes.fr\/es\/","logo":{"@type":"ImageObject","inLanguage":"es","@id":"https:\/\/blogaventurejeanclaudeagnes.fr\/es\/#\/schema\/logo\/image\/","url":"https:\/\/blogaventurejeanclaudeagnes.fr\/wp-content\/uploads\/2023\/12\/logo-blog-aventure-2-1.png","contentUrl":"https:\/\/blogaventurejeanclaudeagnes.fr\/wp-content\/uploads\/2023\/12\/logo-blog-aventure-2-1.png","width":500,"height":166,"caption":"Blog Aventure Jean-Claude & Agn\u00e8s"},"image":{"@id":"https:\/\/blogaventurejeanclaudeagnes.fr\/es\/#\/schema\/logo\/image\/"},"sameAs":["https:\/\/facebook.com\/jeanclaude.cherruault","https:\/\/x.com\/cherruault57","https:\/\/www.youtube.com\/@aventuresavelodanslemonde7343","https:\/\/www.instagram.com\/jeanclaudecherruault"]}]}},"_links":{"self":[{"href":"https:\/\/blogaventurejeanclaudeagnes.fr\/es\/wp-json\/wp\/v2\/pages\/37622","targetHints":{"allow":["GET"]}}],"collection":[{"href":"https:\/\/blogaventurejeanclaudeagnes.fr\/es\/wp-json\/wp\/v2\/pages"}],"about":[{"href":"https:\/\/blogaventurejeanclaudeagnes.fr\/es\/wp-json\/wp\/v2\/types\/page"}],"author":[{"embeddable":true,"href":"https:\/\/blogaventurejeanclaudeagnes.fr\/es\/wp-json\/wp\/v2\/users\/1"}],"replies":[{"embeddable":true,"href":"https:\/\/blogaventurejeanclaudeagnes.fr\/es\/wp-json\/wp\/v2\/comments?post=37622"}],"version-history":[{"count":3,"href":"https:\/\/blogaventurejeanclaudeagnes.fr\/es\/wp-json\/wp\/v2\/pages\/37622\/revisions"}],"predecessor-version":[{"id":44054,"href":"https:\/\/blogaventurejeanclaudeagnes.fr\/es\/wp-json\/wp\/v2\/pages\/37622\/revisions\/44054"}],"wp:featuredmedia":[{"embeddable":true,"href":"https:\/\/blogaventurejeanclaudeagnes.fr\/es\/wp-json\/wp\/v2\/media\/37612"}],"wp:attachment":[{"href":"https:\/\/blogaventurejeanclaudeagnes.fr\/es\/wp-json\/wp\/v2\/media?parent=37622"}],"curies":[{"name":"wp","href":"https:\/\/api.w.org\/{rel}","templated":true}]}}