{"id":37699,"date":"2019-11-20T22:16:38","date_gmt":"2019-11-20T22:16:38","guid":{"rendered":"https:\/\/blogaventurejeanclaudeagnes.fr\/itineraire-du-perou\/"},"modified":"2023-04-14T09:14:20","modified_gmt":"2023-04-14T09:14:20","slug":"itineraire-du-perou","status":"publish","type":"page","link":"https:\/\/blogaventurejeanclaudeagnes.fr\/en\/itineraire-du-perou\/","title":{"rendered":"Itinerary in P\u00e9rou"},"content":{"rendered":"\n<h1 class=\"wp-block-heading has-text-align-center\">Itinerary in P\u00e9rou<\/h1>\n\n<iframe width=\"100%\" height=\"300px\" frameborder=\"0\" allowfullscreen=\"\" src=\"\/\/framacarte.org\/fr\/map\/parcours-perou_151804?scaleControl=false&#038;miniMap=false&#038;scrollWheelZoom=false&#038;zoomControl=true&#038;allowEdit=false&#038;moreControl=true&#038;searchControl=null&#038;tilelayersControl=null&#038;embedControl=null&#038;datalayersControl=true&#038;onLoadPanel=undefined&#038;captionBar=false\"><\/iframe><p><a href=\"\/\/framacarte.org\/fr\/map\/parcours-perou_151804\">View full screen<\/a><\/p>\n","protected":false},"excerpt":{"rendered":"<p>Itinerary in P\u00e9rou View full screen<\/p>\n","protected":false},"author":1,"featured_media":37694,"parent":0,"menu_order":0,"comment_status":"closed","ping_status":"closed","template":"","meta":{"ngg_post_thumbnail":0,"footnotes":""},"class_list":["post-37699","page","type-page","status-publish","has-post-thumbnail","hentry"],"yoast_head":"<!-- This site is optimized with the Yoast SEO plugin v27.3 - https:\/\/yoast.com\/product\/yoast-seo-wordpress\/ -->\n<title>Itinerary in P\u00e9rou - Blog Aventure Jean-Claude &amp; Agn\u00e8s<\/title>\n<meta name=\"description\" content=\"Itinerary in P\u00e9rou View full screen\" \/>\n<meta name=\"robots\" content=\"index, follow, max-snippet:-1, max-image-preview:large, max-video-preview:-1\" \/>\n<link rel=\"canonical\" href=\"https:\/\/blogaventurejeanclaudeagnes.fr\/en\/itineraire-du-perou\/\" \/>\n<meta property=\"og:locale\" content=\"en_US\" \/>\n<meta property=\"og:type\" content=\"article\" \/>\n<meta property=\"og:title\" content=\"Itinerary in P\u00e9rou - Blog Aventure Jean-Claude &amp; Agn\u00e8s\" \/>\n<meta property=\"og:description\" content=\"Itinerary in P\u00e9rou View full screen\" \/>\n<meta property=\"og:url\" content=\"https:\/\/blogaventurejeanclaudeagnes.fr\/en\/itineraire-du-perou\/\" \/>\n<meta property=\"og:site_name\" content=\"Blog Aventure Jean-Claude &amp; Agn\u00e8s\" \/>\n<meta property=\"article:publisher\" content=\"https:\/\/facebook.com\/jeanclaude.cherruault\" \/>\n<meta property=\"article:modified_time\" content=\"2023-04-14T09:14:20+00:00\" \/>\n<meta property=\"og:image\" content=\"https:\/\/blogaventurejeanclaudeagnes.fr\/wp-content\/uploads\/2023\/04\/IMG_3214-scaled.jpeg\" \/>\n\t<meta property=\"og:image:width\" content=\"2560\" \/>\n\t<meta property=\"og:image:height\" content=\"1920\" \/>\n\t<meta property=\"og:image:type\" content=\"image\/jpeg\" \/>\n<meta name=\"twitter:card\" content=\"summary_large_image\" \/>\n<meta name=\"twitter:site\" content=\"@cherruault57\" \/>\n<script type=\"application\/ld+json\" class=\"yoast-schema-graph\">{\"@context\":\"https:\\\/\\\/schema.org\",\"@graph\":[{\"@type\":\"WebPage\",\"@id\":\"https:\\\/\\\/blogaventurejeanclaudeagnes.fr\\\/en\\\/itineraire-du-perou\\\/\",\"url\":\"https:\\\/\\\/blogaventurejeanclaudeagnes.fr\\\/en\\\/itineraire-du-perou\\\/\",\"name\":\"Itinerary in P\u00e9rou - Blog Aventure Jean-Claude &amp; Agn\u00e8s\",\"isPartOf\":{\"@id\":\"https:\\\/\\\/blogaventurejeanclaudeagnes.fr\\\/en\\\/#website\"},\"primaryImageOfPage\":{\"@id\":\"https:\\\/\\\/blogaventurejeanclaudeagnes.fr\\\/en\\\/itineraire-du-perou\\\/#primaryimage\"},\"image\":{\"@id\":\"https:\\\/\\\/blogaventurejeanclaudeagnes.fr\\\/en\\\/itineraire-du-perou\\\/#primaryimage\"},\"thumbnailUrl\":\"https:\\\/\\\/blogaventurejeanclaudeagnes.fr\\\/wp-content\\\/uploads\\\/2023\\\/04\\\/IMG_3214-scaled.jpeg\",\"datePublished\":\"2019-11-20T22:16:38+00:00\",\"dateModified\":\"2023-04-14T09:14:20+00:00\",\"description\":\"Itinerary in P\u00e9rou View full screen\",\"breadcrumb\":{\"@id\":\"https:\\\/\\\/blogaventurejeanclaudeagnes.fr\\\/en\\\/itineraire-du-perou\\\/#breadcrumb\"},\"inLanguage\":\"en-US\",\"potentialAction\":[{\"@type\":\"ReadAction\",\"target\":[\"https:\\\/\\\/blogaventurejeanclaudeagnes.fr\\\/en\\\/itineraire-du-perou\\\/\"]}]},{\"@type\":\"ImageObject\",\"inLanguage\":\"en-US\",\"@id\":\"https:\\\/\\\/blogaventurejeanclaudeagnes.fr\\\/en\\\/itineraire-du-perou\\\/#primaryimage\",\"url\":\"https:\\\/\\\/blogaventurejeanclaudeagnes.fr\\\/wp-content\\\/uploads\\\/2023\\\/04\\\/IMG_3214-scaled.jpeg\",\"contentUrl\":\"https:\\\/\\\/blogaventurejeanclaudeagnes.fr\\\/wp-content\\\/uploads\\\/2023\\\/04\\\/IMG_3214-scaled.jpeg\",\"width\":2560,\"height\":1920,\"caption\":\"Machu Pichu\"},{\"@type\":\"BreadcrumbList\",\"@id\":\"https:\\\/\\\/blogaventurejeanclaudeagnes.fr\\\/en\\\/itineraire-du-perou\\\/#breadcrumb\",\"itemListElement\":[{\"@type\":\"ListItem\",\"position\":1,\"name\":\"Accueil\",\"item\":\"https:\\\/\\\/blogaventurejeanclaudeagnes.fr\\\/en\\\/\"},{\"@type\":\"ListItem\",\"position\":2,\"name\":\"Itinerary in P\u00e9rou\"}]},{\"@type\":\"WebSite\",\"@id\":\"https:\\\/\\\/blogaventurejeanclaudeagnes.fr\\\/en\\\/#website\",\"url\":\"https:\\\/\\\/blogaventurejeanclaudeagnes.fr\\\/en\\\/\",\"name\":\"Blog Aventure Jean-Claude & Agn\u00e8s\",\"description\":\"Nos voyages autour du monde en v\u00e9lo\",\"publisher\":{\"@id\":\"https:\\\/\\\/blogaventurejeanclaudeagnes.fr\\\/en\\\/#organization\"},\"alternateName\":\"Tour du monde \u00e0 v\u00e9lo\",\"potentialAction\":[{\"@type\":\"SearchAction\",\"target\":{\"@type\":\"EntryPoint\",\"urlTemplate\":\"https:\\\/\\\/blogaventurejeanclaudeagnes.fr\\\/en\\\/?s={search_term_string}\"},\"query-input\":{\"@type\":\"PropertyValueSpecification\",\"valueRequired\":true,\"valueName\":\"search_term_string\"}}],\"inLanguage\":\"en-US\"},{\"@type\":\"Organization\",\"@id\":\"https:\\\/\\\/blogaventurejeanclaudeagnes.fr\\\/en\\\/#organization\",\"name\":\"Blog Aventure Jean-Claude & Agn\u00e8s\",\"alternateName\":\"Blog Jean Claude Cherruault\",\"url\":\"https:\\\/\\\/blogaventurejeanclaudeagnes.fr\\\/en\\\/\",\"logo\":{\"@type\":\"ImageObject\",\"inLanguage\":\"en-US\",\"@id\":\"https:\\\/\\\/blogaventurejeanclaudeagnes.fr\\\/en\\\/#\\\/schema\\\/logo\\\/image\\\/\",\"url\":\"https:\\\/\\\/blogaventurejeanclaudeagnes.fr\\\/wp-content\\\/uploads\\\/2023\\\/12\\\/logo-blog-aventure-2-1.png\",\"contentUrl\":\"https:\\\/\\\/blogaventurejeanclaudeagnes.fr\\\/wp-content\\\/uploads\\\/2023\\\/12\\\/logo-blog-aventure-2-1.png\",\"width\":500,\"height\":166,\"caption\":\"Blog Aventure Jean-Claude & Agn\u00e8s\"},\"image\":{\"@id\":\"https:\\\/\\\/blogaventurejeanclaudeagnes.fr\\\/en\\\/#\\\/schema\\\/logo\\\/image\\\/\"},\"sameAs\":[\"https:\\\/\\\/facebook.com\\\/jeanclaude.cherruault\",\"https:\\\/\\\/x.com\\\/cherruault57\",\"https:\\\/\\\/www.youtube.com\\\/@aventuresavelodanslemonde7343\",\"https:\\\/\\\/www.instagram.com\\\/jeanclaudecherruault\"]}]}<\/script>\n<!-- \/ Yoast SEO plugin. -->","yoast_head_json":{"title":"Itinerary in P\u00e9rou - Blog Aventure Jean-Claude &amp; Agn\u00e8s","description":"Itinerary in P\u00e9rou View full screen","robots":{"index":"index","follow":"follow","max-snippet":"max-snippet:-1","max-image-preview":"max-image-preview:large","max-video-preview":"max-video-preview:-1"},"canonical":"https:\/\/blogaventurejeanclaudeagnes.fr\/en\/itineraire-du-perou\/","og_locale":"en_US","og_type":"article","og_title":"Itinerary in P\u00e9rou - Blog Aventure Jean-Claude &amp; Agn\u00e8s","og_description":"Itinerary in P\u00e9rou View full screen","og_url":"https:\/\/blogaventurejeanclaudeagnes.fr\/en\/itineraire-du-perou\/","og_site_name":"Blog Aventure Jean-Claude &amp; Agn\u00e8s","article_publisher":"https:\/\/facebook.com\/jeanclaude.cherruault","article_modified_time":"2023-04-14T09:14:20+00:00","og_image":[{"width":2560,"height":1920,"url":"https:\/\/blogaventurejeanclaudeagnes.fr\/wp-content\/uploads\/2023\/04\/IMG_3214-scaled.jpeg","type":"image\/jpeg"}],"twitter_card":"summary_large_image","twitter_site":"@cherruault57","schema":{"@context":"https:\/\/schema.org","@graph":[{"@type":"WebPage","@id":"https:\/\/blogaventurejeanclaudeagnes.fr\/en\/itineraire-du-perou\/","url":"https:\/\/blogaventurejeanclaudeagnes.fr\/en\/itineraire-du-perou\/","name":"Itinerary in P\u00e9rou - Blog Aventure Jean-Claude &amp; Agn\u00e8s","isPartOf":{"@id":"https:\/\/blogaventurejeanclaudeagnes.fr\/en\/#website"},"primaryImageOfPage":{"@id":"https:\/\/blogaventurejeanclaudeagnes.fr\/en\/itineraire-du-perou\/#primaryimage"},"image":{"@id":"https:\/\/blogaventurejeanclaudeagnes.fr\/en\/itineraire-du-perou\/#primaryimage"},"thumbnailUrl":"https:\/\/blogaventurejeanclaudeagnes.fr\/wp-content\/uploads\/2023\/04\/IMG_3214-scaled.jpeg","datePublished":"2019-11-20T22:16:38+00:00","dateModified":"2023-04-14T09:14:20+00:00","description":"Itinerary in P\u00e9rou View full screen","breadcrumb":{"@id":"https:\/\/blogaventurejeanclaudeagnes.fr\/en\/itineraire-du-perou\/#breadcrumb"},"inLanguage":"en-US","potentialAction":[{"@type":"ReadAction","target":["https:\/\/blogaventurejeanclaudeagnes.fr\/en\/itineraire-du-perou\/"]}]},{"@type":"ImageObject","inLanguage":"en-US","@id":"https:\/\/blogaventurejeanclaudeagnes.fr\/en\/itineraire-du-perou\/#primaryimage","url":"https:\/\/blogaventurejeanclaudeagnes.fr\/wp-content\/uploads\/2023\/04\/IMG_3214-scaled.jpeg","contentUrl":"https:\/\/blogaventurejeanclaudeagnes.fr\/wp-content\/uploads\/2023\/04\/IMG_3214-scaled.jpeg","width":2560,"height":1920,"caption":"Machu Pichu"},{"@type":"BreadcrumbList","@id":"https:\/\/blogaventurejeanclaudeagnes.fr\/en\/itineraire-du-perou\/#breadcrumb","itemListElement":[{"@type":"ListItem","position":1,"name":"Accueil","item":"https:\/\/blogaventurejeanclaudeagnes.fr\/en\/"},{"@type":"ListItem","position":2,"name":"Itinerary in P\u00e9rou"}]},{"@type":"WebSite","@id":"https:\/\/blogaventurejeanclaudeagnes.fr\/en\/#website","url":"https:\/\/blogaventurejeanclaudeagnes.fr\/en\/","name":"Blog Aventure Jean-Claude & Agn\u00e8s","description":"Nos voyages autour du monde en v\u00e9lo","publisher":{"@id":"https:\/\/blogaventurejeanclaudeagnes.fr\/en\/#organization"},"alternateName":"Tour du monde \u00e0 v\u00e9lo","potentialAction":[{"@type":"SearchAction","target":{"@type":"EntryPoint","urlTemplate":"https:\/\/blogaventurejeanclaudeagnes.fr\/en\/?s={search_term_string}"},"query-input":{"@type":"PropertyValueSpecification","valueRequired":true,"valueName":"search_term_string"}}],"inLanguage":"en-US"},{"@type":"Organization","@id":"https:\/\/blogaventurejeanclaudeagnes.fr\/en\/#organization","name":"Blog Aventure Jean-Claude & Agn\u00e8s","alternateName":"Blog Jean Claude Cherruault","url":"https:\/\/blogaventurejeanclaudeagnes.fr\/en\/","logo":{"@type":"ImageObject","inLanguage":"en-US","@id":"https:\/\/blogaventurejeanclaudeagnes.fr\/en\/#\/schema\/logo\/image\/","url":"https:\/\/blogaventurejeanclaudeagnes.fr\/wp-content\/uploads\/2023\/12\/logo-blog-aventure-2-1.png","contentUrl":"https:\/\/blogaventurejeanclaudeagnes.fr\/wp-content\/uploads\/2023\/12\/logo-blog-aventure-2-1.png","width":500,"height":166,"caption":"Blog Aventure Jean-Claude & Agn\u00e8s"},"image":{"@id":"https:\/\/blogaventurejeanclaudeagnes.fr\/en\/#\/schema\/logo\/image\/"},"sameAs":["https:\/\/facebook.com\/jeanclaude.cherruault","https:\/\/x.com\/cherruault57","https:\/\/www.youtube.com\/@aventuresavelodanslemonde7343","https:\/\/www.instagram.com\/jeanclaudecherruault"]}]}},"_links":{"self":[{"href":"https:\/\/blogaventurejeanclaudeagnes.fr\/en\/wp-json\/wp\/v2\/pages\/37699","targetHints":{"allow":["GET"]}}],"collection":[{"href":"https:\/\/blogaventurejeanclaudeagnes.fr\/en\/wp-json\/wp\/v2\/pages"}],"about":[{"href":"https:\/\/blogaventurejeanclaudeagnes.fr\/en\/wp-json\/wp\/v2\/types\/page"}],"author":[{"embeddable":true,"href":"https:\/\/blogaventurejeanclaudeagnes.fr\/en\/wp-json\/wp\/v2\/users\/1"}],"replies":[{"embeddable":true,"href":"https:\/\/blogaventurejeanclaudeagnes.fr\/en\/wp-json\/wp\/v2\/comments?post=37699"}],"version-history":[{"count":0,"href":"https:\/\/blogaventurejeanclaudeagnes.fr\/en\/wp-json\/wp\/v2\/pages\/37699\/revisions"}],"wp:featuredmedia":[{"embeddable":true,"href":"https:\/\/blogaventurejeanclaudeagnes.fr\/en\/wp-json\/wp\/v2\/media\/37694"}],"wp:attachment":[{"href":"https:\/\/blogaventurejeanclaudeagnes.fr\/en\/wp-json\/wp\/v2\/media?parent=37699"}],"curies":[{"name":"wp","href":"https:\/\/api.w.org\/{rel}","templated":true}]}}